{"id":25,"date":"2022-01-26T10:25:14","date_gmt":"2022-01-26T09:25:14","guid":{"rendered":"http:\/\/6731899034321.hostingkunde.de\/?page_id=25"},"modified":"2022-11-05T11:49:55","modified_gmt":"2022-11-05T10:49:55","slug":"finanzbuchhaltung","status":"publish","type":"page","link":"http:\/\/6731899034321.hostingkunde.de\/?page_id=25","title":{"rendered":"Finanzbuchhaltung"},"content":{"rendered":"\t\t<div data-elementor-type=\"wp-page\" data-elementor-id=\"25\" class=\"elementor elementor-25\" data-elementor-settings=\"[]\">\n\t\t\t\t\t\t\t<div class=\"elementor-section-wrap\">\n\t\t\t\t\t\t\t<section class=\"elementor-section elementor-top-section elementor-element elementor-element-333375a elementor-section-boxed elementor-section-height-default elementor-section-height-default\" data-id=\"333375a\" data-element_type=\"section\">\n\t\t\t\t\t\t<div class=\"elementor-container elementor-column-gap-default\">\n\t\t\t\t\t<div class=\"elementor-column elementor-col-100 elementor-top-column elementor-element elementor-element-f25e06f\" data-id=\"f25e06f\" data-element_type=\"column\">\n\t\t\t<div class=\"elementor-widget-wrap elementor-element-populated\">\n\t\t\t\t\t\t\t\t<div class=\"elementor-element elementor-element-338ede6 elementor-widget elementor-widget-heading\" data-id=\"338ede6\" data-element_type=\"widget\" data-widget_type=\"heading.default\">\n\t\t\t\t<div class=\"elementor-widget-container\">\n\t\t\t<style>\/*! elementor - v3.5.4 - 23-01-2022 *\/\n.elementor-heading-title{padding:0;margin:0;line-height:1}.elementor-widget-heading .elementor-heading-title[class*=elementor-size-]>a{color:inherit;font-size:inherit;line-height:inherit}.elementor-widget-heading .elementor-heading-title.elementor-size-small{font-size:15px}.elementor-widget-heading .elementor-heading-title.elementor-size-medium{font-size:19px}.elementor-widget-heading .elementor-heading-title.elementor-size-large{font-size:29px}.elementor-widget-heading .elementor-heading-title.elementor-size-xl{font-size:39px}.elementor-widget-heading .elementor-heading-title.elementor-size-xxl{font-size:59px}<\/style><h1 class=\"elementor-heading-title elementor-size-default\">Finanzbuchhaltung<\/h1>\t\t<\/div>\n\t\t\t\t<\/div>\n\t\t\t\t<section class=\"elementor-section elementor-inner-section elementor-element elementor-element-20acfbd elementor-section-boxed elementor-section-height-default elementor-section-height-default\" data-id=\"20acfbd\" data-element_type=\"section\">\n\t\t\t\t\t\t<div class=\"elementor-container elementor-column-gap-default\">\n\t\t\t\t\t<div class=\"elementor-column elementor-col-50 elementor-inner-column elementor-element elementor-element-b9a7a7b\" data-id=\"b9a7a7b\" data-element_type=\"column\">\n\t\t\t<div class=\"elementor-widget-wrap elementor-element-populated\">\n\t\t\t\t\t\t\t\t<div class=\"elementor-element elementor-element-12290a2 elementor-widget elementor-widget-text-editor\" data-id=\"12290a2\" data-element_type=\"widget\" data-widget_type=\"text-editor.default\">\n\t\t\t\t<div class=\"elementor-widget-container\">\n\t\t\t<style>\/*! elementor - v3.5.4 - 23-01-2022 *\/\n.elementor-widget-text-editor.elementor-drop-cap-view-stacked .elementor-drop-cap{background-color:#818a91;color:#fff}.elementor-widget-text-editor.elementor-drop-cap-view-framed .elementor-drop-cap{color:#818a91;border:3px solid;background-color:transparent}.elementor-widget-text-editor:not(.elementor-drop-cap-view-default) .elementor-drop-cap{margin-top:8px}.elementor-widget-text-editor:not(.elementor-drop-cap-view-default) .elementor-drop-cap-letter{width:1em;height:1em}.elementor-widget-text-editor .elementor-drop-cap{float:left;text-align:center;line-height:1;font-size:50px}.elementor-widget-text-editor .elementor-drop-cap-letter{display:inline-block}<\/style>\t\t\t\t<p>Kontierung und Erfassung Ihrer\u00a0<span style=\"color: #ff9900;\"><strong>Buchhaltungsbelege<\/strong><\/span><\/p><p>Erstellung von <strong><span style=\"color: #ff9900;\">Auswertungen<\/span><\/strong><\/p><p>Fristgerechte Abgabe der <strong><span style=\"color: #ff9900;\">Umsatzsteuer- Voranmeldung<\/span><\/strong><\/p><p>Erfassung und Berechnung von <strong><span style=\"color: #ff9900;\">Abschreibungen<\/span><\/strong><\/p><p>F\u00fchrung <strong><span style=\"color: #ff9900;\">Offene-Posten-Buchhaltung<\/span><\/strong>\u00a0und <span style=\"color: #ff9900;\"><strong>Mahnwesen<\/strong><\/span><\/p><p>Wir\u00a0erl\u00e4utern branchenspezifisch ausgerichtet die betriebswirtschaftliche Auswertung, die Summen- und Saldenliste sowie gerne den <strong><span style=\"color: #ff9900;\">Controlling-Report<\/span><\/strong> als au\u00dferordentliche Leistung.<\/p><p>Wir unterst\u00fctzen Sie gerne bei der Modernisierung Ihrer Buchf\u00fchrung.<\/p>\t\t\t\t\t\t<\/div>\n\t\t\t\t<\/div>\n\t\t\t\t\t<\/div>\n\t\t<\/div>\n\t\t\t\t<div class=\"elementor-column elementor-col-50 elementor-inner-column elementor-element elementor-element-abe35cb\" data-id=\"abe35cb\" data-element_type=\"column\">\n\t\t\t<div class=\"elementor-widget-wrap elementor-element-populated\">\n\t\t\t\t\t\t\t\t<div class=\"elementor-element elementor-element-9c9e560 elementor-widget elementor-widget-image\" data-id=\"9c9e560\" data-element_type=\"widget\" data-widget_type=\"image.default\">\n\t\t\t\t<div class=\"elementor-widget-container\">\n\t\t\t<style>\/*! elementor - v3.5.4 - 23-01-2022 *\/\n.elementor-widget-image{text-align:center}.elementor-widget-image a{display:inline-block}.elementor-widget-image a img[src$=\".svg\"]{width:48px}.elementor-widget-image img{vertical-align:middle;display:inline-block}<\/style>\t\t\t\t\t\t\t\t\t\t\t\t<img loading=\"lazy\" decoding=\"async\" width=\"1024\" height=\"759\" src=\"http:\/\/6731899034321.hostingkunde.de\/wp-content\/uploads\/2022\/01\/pexels-olia-danilevich-5466820-scaled-e1643533202959-1024x759.jpg\" class=\"attachment-large size-large\" alt=\"\" srcset=\"http:\/\/6731899034321.hostingkunde.de\/wp-content\/uploads\/2022\/01\/pexels-olia-danilevich-5466820-scaled-e1643533202959-1024x759.jpg 1024w, http:\/\/6731899034321.hostingkunde.de\/wp-content\/uploads\/2022\/01\/pexels-olia-danilevich-5466820-scaled-e1643533202959-300x222.jpg 300w, http:\/\/6731899034321.hostingkunde.de\/wp-content\/uploads\/2022\/01\/pexels-olia-danilevich-5466820-scaled-e1643533202959-768x570.jpg 768w, http:\/\/6731899034321.hostingkunde.de\/wp-content\/uploads\/2022\/01\/pexels-olia-danilevich-5466820-scaled-e1643533202959-1536x1139.jpg 1536w, http:\/\/6731899034321.hostingkunde.de\/wp-content\/uploads\/2022\/01\/pexels-olia-danilevich-5466820-scaled-e1643533202959.jpg 1703w\" sizes=\"auto, (max-width: 1024px) 100vw, 1024px\" \/>\t\t\t\t\t\t\t\t\t\t\t\t\t\t\t<\/div>\n\t\t\t\t<\/div>\n\t\t\t\t\t<\/div>\n\t\t<\/div>\n\t\t\t\t\t\t\t<\/div>\n\t\t<\/section>\n\t\t\t\t\t<\/div>\n\t\t<\/div>\n\t\t\t\t\t\t\t<\/div>\n\t\t<\/section>\n\t\t\t\t<section class=\"elementor-section elementor-top-section elementor-element elementor-element-f373e63 elementor-section-boxed elementor-section-height-default elementor-section-height-default\" data-id=\"f373e63\" data-element_type=\"section\">\n\t\t\t\t\t\t<div class=\"elementor-container elementor-column-gap-default\">\n\t\t\t\t\t<div class=\"elementor-column elementor-col-100 elementor-top-column elementor-element elementor-element-1ddfa07\" data-id=\"1ddfa07\" data-element_type=\"column\">\n\t\t\t<div class=\"elementor-widget-wrap elementor-element-populated\">\n\t\t\t\t\t\t\t\t<div class=\"elementor-element elementor-element-a6f5986 elementor-widget elementor-widget-heading\" data-id=\"a6f5986\" data-element_type=\"widget\" data-widget_type=\"heading.default\">\n\t\t\t\t<div class=\"elementor-widget-container\">\n\t\t\t<h2 class=\"elementor-heading-title elementor-size-default\">Gew\u00fcnschte Leistung nicht dabei ?<\/h2>\t\t<\/div>\n\t\t\t\t<\/div>\n\t\t\t\t<div class=\"elementor-element elementor-element-a2dc8aa elementor-widget elementor-widget-text-editor\" data-id=\"a2dc8aa\" data-element_type=\"widget\" data-widget_type=\"text-editor.default\">\n\t\t\t\t<div class=\"elementor-widget-container\">\n\t\t\t\t\t\t\t<p>Schauen Sie bei unseren anderen <span style=\"text-decoration: underline;\"><strong><span style=\"color: #ff9900; text-decoration: underline;\"><a style=\"color: #ff9900; text-decoration: underline;\" href=\"http:\/\/6731899034321.hostingkunde.de\/leistungen\/\" data-wplink-url-error=\"true\">Leistungen<\/a><\/span> <\/strong><\/span>vorbei oder <a href=\"http:\/\/6731899034321.hostingkunde.de\/kontakt\/\" data-wplink-url-error=\"true\"><strong><span style=\"color: #ff9900;\"><span style=\"text-decoration: underline;\">kontaktieren<\/span><\/span><\/strong><\/a> Sie uns um festzustellen wie wir Sie unterst\u00fctzen k\u00f6nnen.<\/p>\t\t\t\t\t\t<\/div>\n\t\t\t\t<\/div>\n\t\t\t\t\t<\/div>\n\t\t<\/div>\n\t\t\t\t\t\t\t<\/div>\n\t\t<\/section>\n\t\t\t\t\t\t<\/div>\n\t\t\t\t\t<\/div>\n\t\t","protected":false},"excerpt":{"rendered":"<p>Finanzbuchhaltung Kontierung und Erfassung Ihrer\u00a0Buchhaltungsbelege Erstellung von Auswertungen Fristgerechte Abgabe der Umsatzsteuer- Voranmeldung Erfassung und Berechnung von Abschreibungen F\u00fchrung Offene-Posten-Buchhaltung\u00a0und Mahnwesen Wir\u00a0erl\u00e4utern branchenspezifisch ausgerichtet die betriebswirtschaftliche Auswertung, die Summen- und Saldenliste sowie gerne den Controlling-Report als au\u00dferordentliche Leistung. Wir unterst\u00fctzen Sie gerne bei der Modernisierung Ihrer Buchf\u00fchrung. Gew\u00fcnschte Leistung nicht dabei ? Schauen Sie bei [&hellip;]<\/p>\n","protected":false},"author":1,"featured_media":0,"parent":0,"menu_order":0,"comment_status":"closed","ping_status":"closed","template":"","meta":{"footnotes":""},"class_list":["post-25","page","type-page","status-publish","hentry","entry"],"_links":{"self":[{"href":"http:\/\/6731899034321.hostingkunde.de\/index.php?rest_route=\/wp\/v2\/pages\/25","targetHints":{"allow":["GET"]}}],"collection":[{"href":"http:\/\/6731899034321.hostingkunde.de\/index.php?rest_route=\/wp\/v2\/pages"}],"about":[{"href":"http:\/\/6731899034321.hostingkunde.de\/index.php?rest_route=\/wp\/v2\/types\/page"}],"author":[{"embeddable":true,"href":"http:\/\/6731899034321.hostingkunde.de\/index.php?rest_route=\/wp\/v2\/users\/1"}],"replies":[{"embeddable":true,"href":"http:\/\/6731899034321.hostingkunde.de\/index.php?rest_route=%2Fwp%2Fv2%2Fcomments&post=25"}],"version-history":[{"count":40,"href":"http:\/\/6731899034321.hostingkunde.de\/index.php?rest_route=\/wp\/v2\/pages\/25\/revisions"}],"predecessor-version":[{"id":315,"href":"http:\/\/6731899034321.hostingkunde.de\/index.php?rest_route=\/wp\/v2\/pages\/25\/revisions\/315"}],"wp:attachment":[{"href":"http:\/\/6731899034321.hostingkunde.de\/index.php?rest_route=%2Fwp%2Fv2%2Fmedia&parent=25"}],"curies":[{"name":"wp","href":"https:\/\/api.w.org\/{rel}","templated":true}]}}