{"id":26,"date":"2022-01-26T10:25:14","date_gmt":"2022-01-26T09:25:14","guid":{"rendered":"http:\/\/6731899034321.hostingkunde.de\/?page_id=26"},"modified":"2022-11-07T10:53:05","modified_gmt":"2022-11-07T09:53:05","slug":"lohn-und-gehaltsbuchhaltung","status":"publish","type":"page","link":"http:\/\/6731899034321.hostingkunde.de\/?page_id=26","title":{"rendered":"Lohn- und Gehaltsbuchhaltung"},"content":{"rendered":"\t\t<div data-elementor-type=\"wp-page\" data-elementor-id=\"26\" class=\"elementor elementor-26\" data-elementor-settings=\"[]\">\n\t\t\t\t\t\t\t<div class=\"elementor-section-wrap\">\n\t\t\t\t\t\t\t<section class=\"elementor-section elementor-top-section elementor-element elementor-element-7540f2d elementor-section-boxed elementor-section-height-default elementor-section-height-default\" data-id=\"7540f2d\" data-element_type=\"section\">\n\t\t\t\t\t\t<div class=\"elementor-container elementor-column-gap-default\">\n\t\t\t\t\t<div class=\"elementor-column elementor-col-100 elementor-top-column elementor-element elementor-element-9f981d7\" data-id=\"9f981d7\" data-element_type=\"column\">\n\t\t\t<div class=\"elementor-widget-wrap elementor-element-populated\">\n\t\t\t\t\t\t\t\t<div class=\"elementor-element elementor-element-0c4a775 elementor-widget elementor-widget-heading\" data-id=\"0c4a775\" data-element_type=\"widget\" data-widget_type=\"heading.default\">\n\t\t\t\t<div class=\"elementor-widget-container\">\n\t\t\t<style>\/*! elementor - v3.5.4 - 23-01-2022 *\/\n.elementor-heading-title{padding:0;margin:0;line-height:1}.elementor-widget-heading .elementor-heading-title[class*=elementor-size-]>a{color:inherit;font-size:inherit;line-height:inherit}.elementor-widget-heading .elementor-heading-title.elementor-size-small{font-size:15px}.elementor-widget-heading .elementor-heading-title.elementor-size-medium{font-size:19px}.elementor-widget-heading .elementor-heading-title.elementor-size-large{font-size:29px}.elementor-widget-heading .elementor-heading-title.elementor-size-xl{font-size:39px}.elementor-widget-heading .elementor-heading-title.elementor-size-xxl{font-size:59px}<\/style><h1 class=\"elementor-heading-title elementor-size-default\">Lohn- und Gehaltsbuchhaltung<\/h1>\t\t<\/div>\n\t\t\t\t<\/div>\n\t\t\t\t<section class=\"elementor-section elementor-inner-section elementor-element elementor-element-8a391b7 elementor-section-boxed elementor-section-height-default elementor-section-height-default\" data-id=\"8a391b7\" data-element_type=\"section\">\n\t\t\t\t\t\t<div class=\"elementor-container elementor-column-gap-default\">\n\t\t\t\t\t<div class=\"elementor-column elementor-col-50 elementor-inner-column elementor-element elementor-element-6594420\" data-id=\"6594420\" data-element_type=\"column\">\n\t\t\t<div class=\"elementor-widget-wrap elementor-element-populated\">\n\t\t\t\t\t\t\t\t<div class=\"elementor-element elementor-element-46f38d6 elementor-widget elementor-widget-text-editor\" data-id=\"46f38d6\" data-element_type=\"widget\" data-widget_type=\"text-editor.default\">\n\t\t\t\t<div class=\"elementor-widget-container\">\n\t\t\t<style>\/*! elementor - v3.5.4 - 23-01-2022 *\/\n.elementor-widget-text-editor.elementor-drop-cap-view-stacked .elementor-drop-cap{background-color:#818a91;color:#fff}.elementor-widget-text-editor.elementor-drop-cap-view-framed .elementor-drop-cap{color:#818a91;border:3px solid;background-color:transparent}.elementor-widget-text-editor:not(.elementor-drop-cap-view-default) .elementor-drop-cap{margin-top:8px}.elementor-widget-text-editor:not(.elementor-drop-cap-view-default) .elementor-drop-cap-letter{width:1em;height:1em}.elementor-widget-text-editor .elementor-drop-cap{float:left;text-align:center;line-height:1;font-size:50px}.elementor-widget-text-editor .elementor-drop-cap-letter{display:inline-block}<\/style>\t\t\t\t<p>Wir \u00fcbernehmen f\u00fcr Sie die kompletten monatlichen Abwicklungen f\u00fcr:<\/p><ul><li><strong>Lohn- und Gehaltsabrechnungen<\/strong><\/li><li><strong>Baul\u00f6hne<\/strong><\/li><\/ul><p>Wir sorgen f\u00fcr die fristgerechte Abgabe von:<\/p><ul><li><strong>Beitragsnachweisen an Sozialversicherungstr\u00e4ger<\/strong><\/li><li><strong>Lohnsteueranmeldungen<\/strong><\/li><li><strong>Sozialversicherungsmeldungen<\/strong><\/li><li><strong>Baulohnspezifischen Meldungen<\/strong><\/li><li><strong>Digitalen Lohnnachweisen<\/strong><\/li><\/ul><p>Wir helfen bei:<\/p><ul><li><strong>DRV-Pr\u00fcfungen<\/strong><\/li><li><strong>Lohnsteuerpr\u00fcfungen<\/strong><\/li><\/ul><div><span style=\"font-weight: 600;\">Die Lohnbuchhaltung kann auf Wunsch digital abgewickelt werden.<\/span><\/div>\t\t\t\t\t\t<\/div>\n\t\t\t\t<\/div>\n\t\t\t\t\t<\/div>\n\t\t<\/div>\n\t\t\t\t<div class=\"elementor-column elementor-col-50 elementor-inner-column elementor-element elementor-element-7ed9d78\" data-id=\"7ed9d78\" data-element_type=\"column\">\n\t\t\t<div class=\"elementor-widget-wrap elementor-element-populated\">\n\t\t\t\t\t\t\t\t<div class=\"elementor-element elementor-element-415f1e7 elementor-widget elementor-widget-image\" data-id=\"415f1e7\" data-element_type=\"widget\" data-widget_type=\"image.default\">\n\t\t\t\t<div class=\"elementor-widget-container\">\n\t\t\t<style>\/*! elementor - v3.5.4 - 23-01-2022 *\/\n.elementor-widget-image{text-align:center}.elementor-widget-image a{display:inline-block}.elementor-widget-image a img[src$=\".svg\"]{width:48px}.elementor-widget-image img{vertical-align:middle;display:inline-block}<\/style>\t\t\t\t\t\t\t\t\t\t\t\t<img loading=\"lazy\" decoding=\"async\" width=\"1024\" height=\"678\" src=\"http:\/\/6731899034321.hostingkunde.de\/wp-content\/uploads\/2022\/01\/pexels-breakingpic-3305-1024x678.jpg\" class=\"attachment-large size-large\" alt=\"\" srcset=\"http:\/\/6731899034321.hostingkunde.de\/wp-content\/uploads\/2022\/01\/pexels-breakingpic-3305-1024x678.jpg 1024w, http:\/\/6731899034321.hostingkunde.de\/wp-content\/uploads\/2022\/01\/pexels-breakingpic-3305-300x199.jpg 300w, http:\/\/6731899034321.hostingkunde.de\/wp-content\/uploads\/2022\/01\/pexels-breakingpic-3305-768x509.jpg 768w, http:\/\/6731899034321.hostingkunde.de\/wp-content\/uploads\/2022\/01\/pexels-breakingpic-3305-1536x1017.jpg 1536w, http:\/\/6731899034321.hostingkunde.de\/wp-content\/uploads\/2022\/01\/pexels-breakingpic-3305-2048x1356.jpg 2048w\" sizes=\"auto, (max-width: 1024px) 100vw, 1024px\" \/>\t\t\t\t\t\t\t\t\t\t\t\t\t\t\t<\/div>\n\t\t\t\t<\/div>\n\t\t\t\t\t<\/div>\n\t\t<\/div>\n\t\t\t\t\t\t\t<\/div>\n\t\t<\/section>\n\t\t\t\t\t<\/div>\n\t\t<\/div>\n\t\t\t\t\t\t\t<\/div>\n\t\t<\/section>\n\t\t\t\t<section class=\"elementor-section elementor-top-section elementor-element elementor-element-3eaa507 elementor-section-boxed elementor-section-height-default elementor-section-height-default\" data-id=\"3eaa507\" data-element_type=\"section\">\n\t\t\t\t\t\t<div class=\"elementor-container elementor-column-gap-default\">\n\t\t\t\t\t<div class=\"elementor-column elementor-col-100 elementor-top-column elementor-element elementor-element-bb124b0\" data-id=\"bb124b0\" data-element_type=\"column\">\n\t\t\t<div class=\"elementor-widget-wrap elementor-element-populated\">\n\t\t\t\t\t\t\t\t<div class=\"elementor-element elementor-element-fdbc3fe elementor-widget elementor-widget-heading\" data-id=\"fdbc3fe\" data-element_type=\"widget\" data-widget_type=\"heading.default\">\n\t\t\t\t<div class=\"elementor-widget-container\">\n\t\t\t<h2 class=\"elementor-heading-title elementor-size-default\">Gew\u00fcnschte Leistung nicht dabei ?<\/h2>\t\t<\/div>\n\t\t\t\t<\/div>\n\t\t\t\t<div class=\"elementor-element elementor-element-8f3061f elementor-widget elementor-widget-text-editor\" data-id=\"8f3061f\" data-element_type=\"widget\" data-widget_type=\"text-editor.default\">\n\t\t\t\t<div class=\"elementor-widget-container\">\n\t\t\t\t\t\t\t<p>Schauen Sie bei unseren anderen <span style=\"text-decoration: underline;\"><span style=\"color: #ff9900;\"><strong><a style=\"color: #ff9900; text-decoration: underline;\" href=\"http:\/\/6731899034321.hostingkunde.de\/leistungen\/\" data-wplink-url-error=\"true\">Leistungen<\/a> <\/strong><\/span><\/span>vorbei oder <span style=\"text-decoration: underline;\"><a href=\"http:\/\/6731899034321.hostingkunde.de\/kontakt\/\" data-wplink-url-error=\"true\"><strong><span style=\"color: #ff9900; text-decoration: underline;\">kontaktieren<\/span><\/strong><\/a><\/span> Sie uns um festzustellen wie wir Sie unterst\u00fctzen k\u00f6nnen.<\/p>\t\t\t\t\t\t<\/div>\n\t\t\t\t<\/div>\n\t\t\t\t\t<\/div>\n\t\t<\/div>\n\t\t\t\t\t\t\t<\/div>\n\t\t<\/section>\n\t\t\t\t\t\t<\/div>\n\t\t\t\t\t<\/div>\n\t\t","protected":false},"excerpt":{"rendered":"<p>Lohn- und Gehaltsbuchhaltung Wir \u00fcbernehmen f\u00fcr Sie die kompletten monatlichen Abwicklungen f\u00fcr: Lohn- und Gehaltsabrechnungen Baul\u00f6hne Wir sorgen f\u00fcr die fristgerechte Abgabe von: Beitragsnachweisen an Sozialversicherungstr\u00e4ger Lohnsteueranmeldungen Sozialversicherungsmeldungen Baulohnspezifischen Meldungen Digitalen Lohnnachweisen Wir helfen bei: DRV-Pr\u00fcfungen Lohnsteuerpr\u00fcfungen Die Lohnbuchhaltung kann auf Wunsch digital abgewickelt werden. Gew\u00fcnschte Leistung nicht dabei ? Schauen Sie bei unseren anderen [&hellip;]<\/p>\n","protected":false},"author":1,"featured_media":0,"parent":0,"menu_order":0,"comment_status":"closed","ping_status":"closed","template":"","meta":{"footnotes":""},"class_list":["post-26","page","type-page","status-publish","hentry","entry"],"_links":{"self":[{"href":"http:\/\/6731899034321.hostingkunde.de\/index.php?rest_route=\/wp\/v2\/pages\/26","targetHints":{"allow":["GET"]}}],"collection":[{"href":"http:\/\/6731899034321.hostingkunde.de\/index.php?rest_route=\/wp\/v2\/pages"}],"about":[{"href":"http:\/\/6731899034321.hostingkunde.de\/index.php?rest_route=\/wp\/v2\/types\/page"}],"author":[{"embeddable":true,"href":"http:\/\/6731899034321.hostingkunde.de\/index.php?rest_route=\/wp\/v2\/users\/1"}],"replies":[{"embeddable":true,"href":"http:\/\/6731899034321.hostingkunde.de\/index.php?rest_route=%2Fwp%2Fv2%2Fcomments&post=26"}],"version-history":[{"count":37,"href":"http:\/\/6731899034321.hostingkunde.de\/index.php?rest_route=\/wp\/v2\/pages\/26\/revisions"}],"predecessor-version":[{"id":341,"href":"http:\/\/6731899034321.hostingkunde.de\/index.php?rest_route=\/wp\/v2\/pages\/26\/revisions\/341"}],"wp:attachment":[{"href":"http:\/\/6731899034321.hostingkunde.de\/index.php?rest_route=%2Fwp%2Fv2%2Fmedia&parent=26"}],"curies":[{"name":"wp","href":"https:\/\/api.w.org\/{rel}","templated":true}]}}