{"id":27,"date":"2022-01-26T10:25:14","date_gmt":"2022-01-26T09:25:14","guid":{"rendered":"http:\/\/6731899034321.hostingkunde.de\/?page_id=27"},"modified":"2022-11-10T09:47:34","modified_gmt":"2022-11-10T08:47:34","slug":"steuern","status":"publish","type":"page","link":"http:\/\/6731899034321.hostingkunde.de\/?page_id=27","title":{"rendered":"Steuern"},"content":{"rendered":"\t\t<div data-elementor-type=\"wp-page\" data-elementor-id=\"27\" class=\"elementor elementor-27\" data-elementor-settings=\"[]\">\n\t\t\t\t\t\t\t<div class=\"elementor-section-wrap\">\n\t\t\t\t\t\t\t<section class=\"elementor-section elementor-top-section elementor-element elementor-element-548a63c elementor-section-boxed elementor-section-height-default elementor-section-height-default\" data-id=\"548a63c\" data-element_type=\"section\">\n\t\t\t\t\t\t<div class=\"elementor-container elementor-column-gap-default\">\n\t\t\t\t\t<div class=\"elementor-column elementor-col-100 elementor-top-column elementor-element elementor-element-aa9b026\" data-id=\"aa9b026\" data-element_type=\"column\">\n\t\t\t<div class=\"elementor-widget-wrap elementor-element-populated\">\n\t\t\t\t\t\t\t\t<div class=\"elementor-element elementor-element-84a9c35 elementor-widget elementor-widget-heading\" data-id=\"84a9c35\" data-element_type=\"widget\" data-widget_type=\"heading.default\">\n\t\t\t\t<div class=\"elementor-widget-container\">\n\t\t\t<style>\/*! elementor - v3.5.4 - 23-01-2022 *\/\n.elementor-heading-title{padding:0;margin:0;line-height:1}.elementor-widget-heading .elementor-heading-title[class*=elementor-size-]>a{color:inherit;font-size:inherit;line-height:inherit}.elementor-widget-heading .elementor-heading-title.elementor-size-small{font-size:15px}.elementor-widget-heading .elementor-heading-title.elementor-size-medium{font-size:19px}.elementor-widget-heading .elementor-heading-title.elementor-size-large{font-size:29px}.elementor-widget-heading .elementor-heading-title.elementor-size-xl{font-size:39px}.elementor-widget-heading .elementor-heading-title.elementor-size-xxl{font-size:59px}<\/style><h1 class=\"elementor-heading-title elementor-size-default\">Steuern<\/h1>\t\t<\/div>\n\t\t\t\t<\/div>\n\t\t\t\t<section class=\"elementor-section elementor-inner-section elementor-element elementor-element-c7dfe3c elementor-section-boxed elementor-section-height-default elementor-section-height-default\" data-id=\"c7dfe3c\" data-element_type=\"section\">\n\t\t\t\t\t\t<div class=\"elementor-container elementor-column-gap-default\">\n\t\t\t\t\t<div class=\"elementor-column elementor-col-50 elementor-inner-column elementor-element elementor-element-39c78e5\" data-id=\"39c78e5\" data-element_type=\"column\">\n\t\t\t<div class=\"elementor-widget-wrap elementor-element-populated\">\n\t\t\t\t\t\t\t\t<div class=\"elementor-element elementor-element-61f0429 elementor-widget elementor-widget-text-editor\" data-id=\"61f0429\" data-element_type=\"widget\" data-widget_type=\"text-editor.default\">\n\t\t\t\t<div class=\"elementor-widget-container\">\n\t\t\t<style>\/*! elementor - v3.5.4 - 23-01-2022 *\/\n.elementor-widget-text-editor.elementor-drop-cap-view-stacked .elementor-drop-cap{background-color:#818a91;color:#fff}.elementor-widget-text-editor.elementor-drop-cap-view-framed .elementor-drop-cap{color:#818a91;border:3px solid;background-color:transparent}.elementor-widget-text-editor:not(.elementor-drop-cap-view-default) .elementor-drop-cap{margin-top:8px}.elementor-widget-text-editor:not(.elementor-drop-cap-view-default) .elementor-drop-cap-letter{width:1em;height:1em}.elementor-widget-text-editor .elementor-drop-cap{float:left;text-align:center;line-height:1;font-size:50px}.elementor-widget-text-editor .elementor-drop-cap-letter{display:inline-block}<\/style>\t\t\t\t<p>Wir erstellen f\u00fcr Sie:<\/p><ul><li><strong>Steuererkl\u00e4rungen,<\/strong><\/li><li><strong>Gewinnermittlungen,<\/strong><\/li><li><strong>Jahresabschl\u00fcsse\/Bilanzen und<\/strong><\/li><li><strong>\u00fcbernehmen in diesem Kontext die steuerliche Bewertung von Grundst\u00fccken und Unternehmen.<\/strong><\/li><\/ul><p>Je nach Anforderungen \u00fcbernehmen wir:<\/p><ul><li><strong>Einspr\u00fcche bei der Finanzverwaltung<\/strong><\/li><li><strong>den kompletten Schriftverkehr mit dem Finanzamt, die Betreuung bei Betriebspr\u00fcfungen und<\/strong><\/li><li><strong>die Vertretung vor dem Finanzgericht <\/strong><strong>bis hin zum Bundesfinanzhof.<\/strong><\/li><\/ul>\t\t\t\t\t\t<\/div>\n\t\t\t\t<\/div>\n\t\t\t\t\t<\/div>\n\t\t<\/div>\n\t\t\t\t<div class=\"elementor-column elementor-col-50 elementor-inner-column elementor-element elementor-element-1fa9e76\" data-id=\"1fa9e76\" data-element_type=\"column\">\n\t\t\t<div class=\"elementor-widget-wrap elementor-element-populated\">\n\t\t\t\t\t\t\t\t<div class=\"elementor-element elementor-element-05c6a39 elementor-widget elementor-widget-image\" data-id=\"05c6a39\" data-element_type=\"widget\" data-widget_type=\"image.default\">\n\t\t\t\t<div class=\"elementor-widget-container\">\n\t\t\t<style>\/*! elementor - v3.5.4 - 23-01-2022 *\/\n.elementor-widget-image{text-align:center}.elementor-widget-image a{display:inline-block}.elementor-widget-image a img[src$=\".svg\"]{width:48px}.elementor-widget-image img{vertical-align:middle;display:inline-block}<\/style>\t\t\t\t\t\t\t\t\t\t\t\t<img loading=\"lazy\" decoding=\"async\" width=\"1024\" height=\"683\" src=\"http:\/\/6731899034321.hostingkunde.de\/wp-content\/uploads\/2022\/01\/pexels-polina-tankilevitch-6927374-1024x683.jpg\" class=\"attachment-large size-large\" alt=\"Ausf\u00fcllen Steuererkl\u00e4rung\" srcset=\"http:\/\/6731899034321.hostingkunde.de\/wp-content\/uploads\/2022\/01\/pexels-polina-tankilevitch-6927374-1024x683.jpg 1024w, http:\/\/6731899034321.hostingkunde.de\/wp-content\/uploads\/2022\/01\/pexels-polina-tankilevitch-6927374-300x200.jpg 300w, http:\/\/6731899034321.hostingkunde.de\/wp-content\/uploads\/2022\/01\/pexels-polina-tankilevitch-6927374-768x512.jpg 768w, http:\/\/6731899034321.hostingkunde.de\/wp-content\/uploads\/2022\/01\/pexels-polina-tankilevitch-6927374-1536x1024.jpg 1536w, http:\/\/6731899034321.hostingkunde.de\/wp-content\/uploads\/2022\/01\/pexels-polina-tankilevitch-6927374-2048x1365.jpg 2048w\" sizes=\"auto, (max-width: 1024px) 100vw, 1024px\" \/>\t\t\t\t\t\t\t\t\t\t\t\t\t\t\t<\/div>\n\t\t\t\t<\/div>\n\t\t\t\t\t<\/div>\n\t\t<\/div>\n\t\t\t\t\t\t\t<\/div>\n\t\t<\/section>\n\t\t\t\t\t<\/div>\n\t\t<\/div>\n\t\t\t\t\t\t\t<\/div>\n\t\t<\/section>\n\t\t\t\t<section class=\"elementor-section elementor-top-section elementor-element elementor-element-04d0e05 elementor-section-boxed elementor-section-height-default elementor-section-height-default\" data-id=\"04d0e05\" data-element_type=\"section\">\n\t\t\t\t\t\t<div class=\"elementor-container elementor-column-gap-default\">\n\t\t\t\t\t<div class=\"elementor-column elementor-col-100 elementor-top-column elementor-element elementor-element-c6ad9dd\" data-id=\"c6ad9dd\" data-element_type=\"column\">\n\t\t\t<div class=\"elementor-widget-wrap elementor-element-populated\">\n\t\t\t\t\t\t\t\t<div class=\"elementor-element elementor-element-626756a elementor-widget elementor-widget-heading\" data-id=\"626756a\" data-element_type=\"widget\" data-widget_type=\"heading.default\">\n\t\t\t\t<div class=\"elementor-widget-container\">\n\t\t\t<h2 class=\"elementor-heading-title elementor-size-default\">Gew\u00fcnschte Leistung nicht dabei ?<\/h2>\t\t<\/div>\n\t\t\t\t<\/div>\n\t\t\t\t<div class=\"elementor-element elementor-element-98a823b elementor-widget elementor-widget-text-editor\" data-id=\"98a823b\" data-element_type=\"widget\" data-widget_type=\"text-editor.default\">\n\t\t\t\t<div class=\"elementor-widget-container\">\n\t\t\t\t\t\t\t<p>Schauen Sie bei unseren anderen <span style=\"text-decoration: underline;\"><span style=\"color: #ff9900;\"><strong><a style=\"color: #ff9900; text-decoration: underline;\" href=\"http:\/\/6731899034321.hostingkunde.de\/leistungen\/\" data-wplink-url-error=\"true\">Leistungen<\/a> <\/strong><\/span><\/span>vorbei oder <span style=\"text-decoration: underline;\"><span style=\"color: #ff9900;\"><a style=\"color: #ff9900;\" href=\"http:\/\/6731899034321.hostingkunde.de\/kontakt\/\" data-wplink-url-error=\"true\"><strong>kontaktieren<\/strong><\/a><\/span><\/span> Sie uns um festzustellen wie wir Sie unterst\u00fctzen k\u00f6nnen.<\/p>\t\t\t\t\t\t<\/div>\n\t\t\t\t<\/div>\n\t\t\t\t\t<\/div>\n\t\t<\/div>\n\t\t\t\t\t\t\t<\/div>\n\t\t<\/section>\n\t\t\t\t\t\t<\/div>\n\t\t\t\t\t<\/div>\n\t\t","protected":false},"excerpt":{"rendered":"<p>Steuern Wir erstellen f\u00fcr Sie: Steuererkl\u00e4rungen, Gewinnermittlungen, Jahresabschl\u00fcsse\/Bilanzen und \u00fcbernehmen in diesem Kontext die steuerliche Bewertung von Grundst\u00fccken und Unternehmen. Je nach Anforderungen \u00fcbernehmen wir: Einspr\u00fcche bei der Finanzverwaltung den kompletten Schriftverkehr mit dem Finanzamt, die Betreuung bei Betriebspr\u00fcfungen und die Vertretung vor dem Finanzgericht bis hin zum Bundesfinanzhof. Gew\u00fcnschte Leistung nicht dabei ? Schauen [&hellip;]<\/p>\n","protected":false},"author":1,"featured_media":0,"parent":0,"menu_order":0,"comment_status":"closed","ping_status":"closed","template":"","meta":{"footnotes":""},"class_list":["post-27","page","type-page","status-publish","hentry","entry"],"_links":{"self":[{"href":"http:\/\/6731899034321.hostingkunde.de\/index.php?rest_route=\/wp\/v2\/pages\/27","targetHints":{"allow":["GET"]}}],"collection":[{"href":"http:\/\/6731899034321.hostingkunde.de\/index.php?rest_route=\/wp\/v2\/pages"}],"about":[{"href":"http:\/\/6731899034321.hostingkunde.de\/index.php?rest_route=\/wp\/v2\/types\/page"}],"author":[{"embeddable":true,"href":"http:\/\/6731899034321.hostingkunde.de\/index.php?rest_route=\/wp\/v2\/users\/1"}],"replies":[{"embeddable":true,"href":"http:\/\/6731899034321.hostingkunde.de\/index.php?rest_route=%2Fwp%2Fv2%2Fcomments&post=27"}],"version-history":[{"count":16,"href":"http:\/\/6731899034321.hostingkunde.de\/index.php?rest_route=\/wp\/v2\/pages\/27\/revisions"}],"predecessor-version":[{"id":347,"href":"http:\/\/6731899034321.hostingkunde.de\/index.php?rest_route=\/wp\/v2\/pages\/27\/revisions\/347"}],"wp:attachment":[{"href":"http:\/\/6731899034321.hostingkunde.de\/index.php?rest_route=%2Fwp%2Fv2%2Fmedia&parent=27"}],"curies":[{"name":"wp","href":"https:\/\/api.w.org\/{rel}","templated":true}]}}