{"id":28,"date":"2022-01-26T10:25:14","date_gmt":"2022-01-26T09:25:14","guid":{"rendered":"http:\/\/6731899034321.hostingkunde.de\/?page_id=28"},"modified":"2022-11-10T09:48:58","modified_gmt":"2022-11-10T08:48:58","slug":"unternehmensberatung","status":"publish","type":"page","link":"http:\/\/6731899034321.hostingkunde.de\/?page_id=28","title":{"rendered":"Unternehmensberatung"},"content":{"rendered":"\t\t<div data-elementor-type=\"wp-page\" data-elementor-id=\"28\" class=\"elementor elementor-28\" data-elementor-settings=\"[]\">\n\t\t\t\t\t\t\t<div class=\"elementor-section-wrap\">\n\t\t\t\t\t\t\t<section class=\"elementor-section elementor-top-section elementor-element elementor-element-a21c847 elementor-section-boxed elementor-section-height-default elementor-section-height-default\" data-id=\"a21c847\" data-element_type=\"section\">\n\t\t\t\t\t\t<div class=\"elementor-container elementor-column-gap-default\">\n\t\t\t\t\t<div class=\"elementor-column elementor-col-100 elementor-top-column elementor-element elementor-element-6b4086e\" data-id=\"6b4086e\" data-element_type=\"column\">\n\t\t\t<div class=\"elementor-widget-wrap elementor-element-populated\">\n\t\t\t\t\t\t\t\t<div class=\"elementor-element elementor-element-95e8302 elementor-widget elementor-widget-heading\" data-id=\"95e8302\" data-element_type=\"widget\" data-widget_type=\"heading.default\">\n\t\t\t\t<div class=\"elementor-widget-container\">\n\t\t\t<style>\/*! elementor - v3.5.4 - 23-01-2022 *\/\n.elementor-heading-title{padding:0;margin:0;line-height:1}.elementor-widget-heading .elementor-heading-title[class*=elementor-size-]>a{color:inherit;font-size:inherit;line-height:inherit}.elementor-widget-heading .elementor-heading-title.elementor-size-small{font-size:15px}.elementor-widget-heading .elementor-heading-title.elementor-size-medium{font-size:19px}.elementor-widget-heading .elementor-heading-title.elementor-size-large{font-size:29px}.elementor-widget-heading .elementor-heading-title.elementor-size-xl{font-size:39px}.elementor-widget-heading .elementor-heading-title.elementor-size-xxl{font-size:59px}<\/style><h1 class=\"elementor-heading-title elementor-size-default\">Unternehmensberatung<\/h1>\t\t<\/div>\n\t\t\t\t<\/div>\n\t\t\t\t<section class=\"elementor-section elementor-inner-section elementor-element elementor-element-f36800c elementor-section-boxed elementor-section-height-default elementor-section-height-default\" data-id=\"f36800c\" data-element_type=\"section\">\n\t\t\t\t\t\t<div class=\"elementor-container elementor-column-gap-default\">\n\t\t\t\t\t<div class=\"elementor-column elementor-col-50 elementor-inner-column elementor-element elementor-element-43c18a4\" data-id=\"43c18a4\" data-element_type=\"column\">\n\t\t\t<div class=\"elementor-widget-wrap elementor-element-populated\">\n\t\t\t\t\t\t\t\t<div class=\"elementor-element elementor-element-1dc97b3 elementor-widget elementor-widget-text-editor\" data-id=\"1dc97b3\" data-element_type=\"widget\" data-widget_type=\"text-editor.default\">\n\t\t\t\t<div class=\"elementor-widget-container\">\n\t\t\t<style>\/*! elementor - v3.5.4 - 23-01-2022 *\/\n.elementor-widget-text-editor.elementor-drop-cap-view-stacked .elementor-drop-cap{background-color:#818a91;color:#fff}.elementor-widget-text-editor.elementor-drop-cap-view-framed .elementor-drop-cap{color:#818a91;border:3px solid;background-color:transparent}.elementor-widget-text-editor:not(.elementor-drop-cap-view-default) .elementor-drop-cap{margin-top:8px}.elementor-widget-text-editor:not(.elementor-drop-cap-view-default) .elementor-drop-cap-letter{width:1em;height:1em}.elementor-widget-text-editor .elementor-drop-cap{float:left;text-align:center;line-height:1;font-size:50px}.elementor-widget-text-editor .elementor-drop-cap-letter{display:inline-block}<\/style>\t\t\t\t<p>Zur erfolgreichen Unternehmensf\u00fchrung beraten wir Sie gezielt und nach Ihren Anforderungen wahlweise in einzelnen Bereichen oder \u00fcbergreifend komplex:<\/p><ul><li><strong>Investitions- und Finanzierungsberatung,<\/strong><br \/><strong>Vorbereitung von Bankgespr\u00e4chen<\/strong><\/li><li><strong>Gestaltungs- und Existenzgr\u00fcndungsberatung, Konzepterstellung, Businessplan<\/strong><\/li><li><strong>Nachfolge- und Erbfolgeberatung,<\/strong><br \/><strong>Erstellung von Gutachten \u00fcber Handlungsalternativen<\/strong><\/li><li><strong>Beratung von gemeinn\u00fctzigen Vereinen von der Gr\u00fcndung<\/strong><br \/><strong>bis zur laufenden Gesch\u00e4ftsf\u00fchrung<\/strong><\/li><li><strong>Besprechung der betriebswirtschaftlichen Auswertungen, des Controlling-Reports<\/strong><\/li><li><strong>Sanierungsberatung; Krisenberatung<\/strong><\/li><\/ul>\t\t\t\t\t\t<\/div>\n\t\t\t\t<\/div>\n\t\t\t\t\t<\/div>\n\t\t<\/div>\n\t\t\t\t<div class=\"elementor-column elementor-col-50 elementor-inner-column elementor-element elementor-element-ef64768\" data-id=\"ef64768\" data-element_type=\"column\">\n\t\t\t<div class=\"elementor-widget-wrap elementor-element-populated\">\n\t\t\t\t\t\t\t\t<div class=\"elementor-element elementor-element-003451e elementor-widget elementor-widget-image\" data-id=\"003451e\" data-element_type=\"widget\" data-widget_type=\"image.default\">\n\t\t\t\t<div class=\"elementor-widget-container\">\n\t\t\t<style>\/*! elementor - v3.5.4 - 23-01-2022 *\/\n.elementor-widget-image{text-align:center}.elementor-widget-image a{display:inline-block}.elementor-widget-image a img[src$=\".svg\"]{width:48px}.elementor-widget-image img{vertical-align:middle;display:inline-block}<\/style>\t\t\t\t\t\t\t\t\t\t\t\t<img loading=\"lazy\" decoding=\"async\" width=\"1024\" height=\"678\" src=\"http:\/\/6731899034321.hostingkunde.de\/wp-content\/uploads\/2022\/01\/pexels-lukas-590022-1024x678.jpg\" class=\"attachment-large size-large\" alt=\"Datenanalyse\" srcset=\"http:\/\/6731899034321.hostingkunde.de\/wp-content\/uploads\/2022\/01\/pexels-lukas-590022-1024x678.jpg 1024w, http:\/\/6731899034321.hostingkunde.de\/wp-content\/uploads\/2022\/01\/pexels-lukas-590022-300x199.jpg 300w, http:\/\/6731899034321.hostingkunde.de\/wp-content\/uploads\/2022\/01\/pexels-lukas-590022-768x509.jpg 768w, http:\/\/6731899034321.hostingkunde.de\/wp-content\/uploads\/2022\/01\/pexels-lukas-590022-1536x1017.jpg 1536w, http:\/\/6731899034321.hostingkunde.de\/wp-content\/uploads\/2022\/01\/pexels-lukas-590022-2048x1356.jpg 2048w\" sizes=\"auto, (max-width: 1024px) 100vw, 1024px\" \/>\t\t\t\t\t\t\t\t\t\t\t\t\t\t\t<\/div>\n\t\t\t\t<\/div>\n\t\t\t\t\t<\/div>\n\t\t<\/div>\n\t\t\t\t\t\t\t<\/div>\n\t\t<\/section>\n\t\t\t\t\t<\/div>\n\t\t<\/div>\n\t\t\t\t\t\t\t<\/div>\n\t\t<\/section>\n\t\t\t\t<section class=\"elementor-section elementor-top-section elementor-element elementor-element-be1cc5f elementor-section-boxed elementor-section-height-default elementor-section-height-default\" data-id=\"be1cc5f\" data-element_type=\"section\">\n\t\t\t\t\t\t<div class=\"elementor-container elementor-column-gap-default\">\n\t\t\t\t\t<div class=\"elementor-column elementor-col-100 elementor-top-column elementor-element elementor-element-8166a87\" data-id=\"8166a87\" data-element_type=\"column\">\n\t\t\t<div class=\"elementor-widget-wrap elementor-element-populated\">\n\t\t\t\t\t\t\t\t<div class=\"elementor-element elementor-element-272c8e2 elementor-widget elementor-widget-heading\" data-id=\"272c8e2\" data-element_type=\"widget\" data-widget_type=\"heading.default\">\n\t\t\t\t<div class=\"elementor-widget-container\">\n\t\t\t<h2 class=\"elementor-heading-title elementor-size-default\">Gew\u00fcnschte Leistung nicht dabei ?<\/h2>\t\t<\/div>\n\t\t\t\t<\/div>\n\t\t\t\t<div class=\"elementor-element elementor-element-f8cb9ee elementor-widget elementor-widget-text-editor\" data-id=\"f8cb9ee\" data-element_type=\"widget\" data-widget_type=\"text-editor.default\">\n\t\t\t\t<div class=\"elementor-widget-container\">\n\t\t\t\t\t\t\t<p>Schauen Sie bei unseren anderen <strong><a href=\"http:\/\/6731899034321.hostingkunde.de\/leistungen\/\" data-wplink-url-error=\"true\"><span style=\"text-decoration: underline;\"><span style=\"color: #ff9900; text-decoration: underline;\">Leistungen<\/span><\/span><\/a> <\/strong>vorbei oder <span style=\"text-decoration: underline;\"><span style=\"color: #ff9900; text-decoration: underline;\"><a style=\"color: #ff9900; text-decoration: underline;\" href=\"http:\/\/6731899034321.hostingkunde.de\/kontakt\/\" data-wplink-url-error=\"true\"><strong>kontaktieren<\/strong><\/a><\/span> <\/span>Sie uns um festzustellen wie wir Sie unterst\u00fctzen k\u00f6nnen.<\/p>\t\t\t\t\t\t<\/div>\n\t\t\t\t<\/div>\n\t\t\t\t\t<\/div>\n\t\t<\/div>\n\t\t\t\t\t\t\t<\/div>\n\t\t<\/section>\n\t\t\t\t\t\t<\/div>\n\t\t\t\t\t<\/div>\n\t\t","protected":false},"excerpt":{"rendered":"<p>Unternehmensberatung Zur erfolgreichen Unternehmensf\u00fchrung beraten wir Sie gezielt und nach Ihren Anforderungen wahlweise in einzelnen Bereichen oder \u00fcbergreifend komplex: Investitions- und Finanzierungsberatung,Vorbereitung von Bankgespr\u00e4chen Gestaltungs- und Existenzgr\u00fcndungsberatung, Konzepterstellung, Businessplan Nachfolge- und Erbfolgeberatung,Erstellung von Gutachten \u00fcber Handlungsalternativen Beratung von gemeinn\u00fctzigen Vereinen von der Gr\u00fcndungbis zur laufenden Gesch\u00e4ftsf\u00fchrung Besprechung der betriebswirtschaftlichen Auswertungen, des Controlling-Reports Sanierungsberatung; Krisenberatung Gew\u00fcnschte [&hellip;]<\/p>\n","protected":false},"author":1,"featured_media":0,"parent":0,"menu_order":0,"comment_status":"closed","ping_status":"closed","template":"","meta":{"footnotes":""},"class_list":["post-28","page","type-page","status-publish","hentry","entry"],"_links":{"self":[{"href":"http:\/\/6731899034321.hostingkunde.de\/index.php?rest_route=\/wp\/v2\/pages\/28","targetHints":{"allow":["GET"]}}],"collection":[{"href":"http:\/\/6731899034321.hostingkunde.de\/index.php?rest_route=\/wp\/v2\/pages"}],"about":[{"href":"http:\/\/6731899034321.hostingkunde.de\/index.php?rest_route=\/wp\/v2\/types\/page"}],"author":[{"embeddable":true,"href":"http:\/\/6731899034321.hostingkunde.de\/index.php?rest_route=\/wp\/v2\/users\/1"}],"replies":[{"embeddable":true,"href":"http:\/\/6731899034321.hostingkunde.de\/index.php?rest_route=%2Fwp%2Fv2%2Fcomments&post=28"}],"version-history":[{"count":25,"href":"http:\/\/6731899034321.hostingkunde.de\/index.php?rest_route=\/wp\/v2\/pages\/28\/revisions"}],"predecessor-version":[{"id":353,"href":"http:\/\/6731899034321.hostingkunde.de\/index.php?rest_route=\/wp\/v2\/pages\/28\/revisions\/353"}],"wp:attachment":[{"href":"http:\/\/6731899034321.hostingkunde.de\/index.php?rest_route=%2Fwp%2Fv2%2Fmedia&parent=28"}],"curies":[{"name":"wp","href":"https:\/\/api.w.org\/{rel}","templated":true}]}}